{"id":30,"date":"2022-03-01T06:09:19","date_gmt":"2022-03-01T09:09:19","guid":{"rendered":"https:\/\/demo.madrasthemes.com\/silicon\/contacts\/?page_id=30"},"modified":"2024-04-26T09:40:54","modified_gmt":"2024-04-26T12:40:54","slug":"fale-conosco","status":"publish","type":"page","link":"https:\/\/alugueldepcgamer.com.br\/?page_id=30","title":{"rendered":"Contato"},"content":{"rendered":"\t\t<div data-elementor-type=\"wp-page\" data-elementor-id=\"30\" class=\"elementor elementor-30\">\n\t\t\t\t\t\t\t\t\t<section class=\"elementor-section elementor-top-section elementor-element elementor-element-4b9f8680 elementor-section-full_width elementor-section-height-default elementor-section-height-default\" data-id=\"4b9f8680\" data-element_type=\"section\">\n\t\t\t\t\t\t<div class=\"elementor-container elementor-column-gap-default container\">\n\t\t\t\t\t<div class=\"elementor-column elementor-col-100 elementor-top-column elementor-element elementor-element-748ea5e\" data-id=\"748ea5e\" data-element_type=\"column\">\n\t\t\t<div class=\"p-0 elementor-widget-wrap elementor-element-populated\">\n\t\t\t\t\t\t\t\t<div class=\"elementor-element elementor-element-2d0b827d elementor-widget elementor-widget-highlighted-heading\" data-id=\"2d0b827d\" data-element_type=\"widget\" data-widget_type=\"highlighted-heading.default\">\n\t\t\t\t<div class=\"elementor-widget-container\">\n\t\t\t<h1 class=\"silicon-elementor-highlighted-heading__title pt-4 mt-lg-3 pb-3 pb-lg-4\"><span class=\"si-multipurpose-text__before\">Fale Conosco<\/span><\/h1>\t\t<\/div>\n\t\t\t\t<\/div>\n\t\t\t\t<div class=\"elementor-section elementor-inner-section elementor-element elementor-element-690e0146 elementor-section-full_width elementor-section-height-default elementor-section-height-default\" data-id=\"690e0146\" data-element_type=\"section\">\n\t\t\t\t\t\t<div class=\"elementor-container elementor-column-gap-default row pb-5 mb-md-2 mb-lg-4 mb-xl-5 row-margin\">\n\t\t\t\t\t<div class=\"elementor-column elementor-col-50 elementor-inner-column elementor-element elementor-element-6b643c3e col-xl-5 col-md-6 mb-4 mb-md-0\" data-id=\"6b643c3e\" data-element_type=\"column\">\n\t\t\t<div class=\"p-0 elementor-widget-wrap elementor-element-populated\">\n\t\t\t\t\t\t\t\t<div class=\"elementor-element elementor-element-6dba7ade elementor-position-top elementor-mobile-position-top elementor-widget elementor-widget-icon-box\" data-id=\"6dba7ade\" data-element_type=\"widget\" data-widget_type=\"icon-box.si-icon-box-2\">\n\t\t\t\t<div class=\"elementor-widget-container\">\n\t\t\t<link rel=\"stylesheet\" href=\"http:\/\/alugueldepcgamer.com.br\/wp-content\/plugins\/elementor\/assets\/css\/widget-icon-box.min.css\">\t\t<div class=\"card card-hover mb-3\">\n\t\t\t  <div class=\"card-body d-flex align-items-start\">\n\t\t\t\t<i class=\"sn-elementor-icon-box-icon sn-elementor-icon  text-primary d-inline-block rounded-circle p-3 bx  bx-envelope\"><\/i>\n\t\t\t\t<div class=\"ps-4\">\n\t\t\t\t  <h3 \n\t\t\t\t\tclass=\"sn-title elementor-icon-box-title h4 pb-1 mb-2\">E-mail\t\t\t\t  <\/h3>\n\t\t\t\t  <p class=\"sn-description elementor-icon-box-description pb-1 mb-2\">Por favor, fique \u00e0 vontade para nos enviar uma mensagem. Responderemos o mais r\u00e1pido poss\u00edvel.<\/p>\n\t\t\t\t  <a href=\"mailto:silicon@example.com\" class=\"btn sn-button btn-link fs-base px-0\">\n\t\t\t\t\tDeixe sua mensagem\t\t\t\t\t<i class=\"si-elementor-icon ms-1 fs-4 bx bx-right-arrow-alt\"><\/i>\n\t\t\t\t  <\/a>\n\t\t\t\t<\/div>\n\t\t\t  <\/div>\n\t\t\t<\/div>\n\t\t\t\t\t<\/div>\n\t\t\t\t<\/div>\n\t\t\t\t<div class=\"elementor-element elementor-element-3b43a03b elementor-position-top elementor-mobile-position-top elementor-widget elementor-widget-icon-box\" data-id=\"3b43a03b\" data-element_type=\"widget\" data-widget_type=\"icon-box.si-icon-box-2\">\n\t\t\t\t<div class=\"elementor-widget-container\">\n\t\t\t\t\t<div class=\"card card-hover mb-3\">\n\t\t\t  <div class=\"card-body d-flex align-items-start\">\n\t\t\t\t<i class=\"sn-elementor-icon-box-icon sn-elementor-icon  text-primary d-inline-block rounded-circle p-3 bx  bx-phone-call\"><\/i>\n\t\t\t\t<div class=\"ps-4\">\n\t\t\t\t  <h3 \n\t\t\t\t\tclass=\"sn-title elementor-icon-box-title h4 pb-1 mb-2\">WhatsApp\t\t\t\t  <\/h3>\n\t\t\t\t  <p class=\"sn-description elementor-icon-box-description pb-1 mb-2\">Se voc\u00ea precisar de assist\u00eancia imediata, fale conosco atrav\u00e9s do nosso WhatsApp.<\/p>\n\t\t\t\t  <a href=\"https:\/\/api.whatsapp.com\/send\/?phone=%2B5511956300864&amp;text=Ol%C3%A1!%20Acessei%20o%20site%20de%20Aluguel%20de%20PC%20Gamer%20%20e%20gostaria%20de%20falar%20com%20um%20especialista!&amp;type=phone_number&amp;app_absent=0\" class=\"btn sn-button btn-link fs-base px-0\">\n\t\t\t\t\t(11) 95630-0864\t\t\t\t\t<i class=\"si-elementor-icon fs-4 ms-1 \"><\/i>\n\t\t\t\t  <\/a>\n\t\t\t\t<\/div>\n\t\t\t  <\/div>\n\t\t\t<\/div>\n\t\t\t\t\t<\/div>\n\t\t\t\t<\/div>\n\t\t\t\t<div class=\"elementor-element elementor-element-6501a501 elementor-position-top elementor-mobile-position-top elementor-widget elementor-widget-icon-box\" data-id=\"6501a501\" data-element_type=\"widget\" data-widget_type=\"icon-box.si-icon-box-2\">\n\t\t\t\t<div class=\"elementor-widget-container\">\n\t\t\t\t\t<div class=\"card card-hover mb-3\">\n\t\t\t  <div class=\"card-body d-flex align-items-start\">\n\t\t\t\t<i class=\"sn-elementor-icon-box-icon sn-elementor-icon  text-primary d-inline-block rounded-circle p-3 bx  bx-map\"><\/i>\n\t\t\t\t<div class=\"ps-4\">\n\t\t\t\t  <h3 \n\t\t\t\t\tclass=\"sn-title elementor-icon-box-title h4 pb-1 mb-2\">Agende uma visita\t\t\t\t  <\/h3>\n\t\t\t\t  <p class=\"sn-description elementor-icon-box-description pb-1 mb-2\">Rua C\u00f4nego Manuel Vaz, 224 - Santana, S\u00e3o Paulo - SP, 02019-050<\/p>\n\t\t\t\t  <a href=\"https:\/\/www.google.com\/maps\/dir\/\/Rua+C%C3%B4nego+Manuel+Vaz,+224+-+Santana+S%C3%A3o+Paulo+-+SP+02019-050\/@-23.4983892,-46.6316789,14z\/data=!4m5!4m4!1m0!1m2!1m1!1s0x94cef632b58a837d:0x98a31b444568b7bb\" class=\"btn sn-button btn-link fs-base px-0\">\n\t\t\t\t\tObter rotas\t\t\t\t\t<i class=\"si-elementor-icon fs-4 ms-1 bx bx-right-arrow-alt\"><\/i>\n\t\t\t\t  <\/a>\n\t\t\t\t<\/div>\n\t\t\t  <\/div>\n\t\t\t<\/div>\n\t\t\t\t\t<\/div>\n\t\t\t\t<\/div>\n\t\t\t\t\t<\/div>\n\t\t<\/div>\n\t\t\t\t<div class=\"elementor-column elementor-col-50 elementor-inner-column elementor-element elementor-element-23f2a32e col-md-6 offset-xl-1\" data-id=\"23f2a32e\" data-element_type=\"column\">\n\t\t\t<div class=\"d-flex flex-column h-100 shadow-sm rounded-3 overflow-hidden p-0 elementor-widget-wrap elementor-element-populated\">\n\t\t\t\t\t\t\t\t<div class=\"elementor-element elementor-element-4f8ea3ff elementor-widget elementor-widget-google_maps\" data-id=\"4f8ea3ff\" data-element_type=\"widget\" data-widget_type=\"google_maps.default\">\n\t\t\t\t<div class=\"elementor-widget-container\">\n\t\t\t<style>\/*! elementor - v3.17.0 - 08-11-2023 *\/\n.elementor-widget-google_maps .elementor-widget-container{overflow:hidden}.elementor-widget-google_maps .elementor-custom-embed{line-height:0}.elementor-widget-google_maps iframe{height:300px}<\/style>\t\t<div class=\"elementor-custom-embed\">\n\t\t\t<iframe loading=\"lazy\"\n\t\t\t\t\tsrc=\"https:\/\/maps.google.com\/maps?q=224%20Conego%20Manuel%20Vaz&#038;t=m&#038;z=14&#038;output=embed&#038;iwloc=near\"\n\t\t\t\t\ttitle=\"224 Conego Manuel Vaz\"\n\t\t\t\t\taria-label=\"224 Conego Manuel Vaz\"\n\t\t\t><\/iframe>\n\t\t<\/div>\n\t\t\t\t<\/div>\n\t\t\t\t<\/div>\n\t\t\t\t\t<\/div>\n\t\t<\/div>\n\t\t\t\t\t\t\t<\/div>\n\t\t<\/div>\n\t\t\t\t<div class=\"elementor-section elementor-inner-section elementor-element elementor-element-6cf310c1 elementor-section-full_width bg-secondary rounded-3 py-5 px-3 px-sm-0 mb-xl-4 elementor-section-height-default elementor-section-height-default\" data-id=\"6cf310c1\" data-element_type=\"section\">\n\t\t\t\t\t\t<div class=\"elementor-container elementor-column-gap-default needs-validation row justify-content-center py-lg-3 py-xl-4\">\n\t\t\t\t\t<div class=\"elementor-column elementor-col-100 elementor-inner-column elementor-element elementor-element-112af5f4 col-xl-8 col-lg-9 col-md-10 col-sm-11\" data-id=\"112af5f4\" data-element_type=\"column\">\n\t\t\t<div class=\"p-0 elementor-widget-wrap elementor-element-populated\">\n\t\t\t\t\t\t\t\t<div class=\"elementor-element elementor-element-a555e86 elementor-widget elementor-widget-highlighted-heading\" data-id=\"a555e86\" data-element_type=\"widget\" data-widget_type=\"highlighted-heading.default\">\n\t\t\t\t<div class=\"elementor-widget-container\">\n\t\t\t<h2 class=\"silicon-elementor-highlighted-heading__title h1 pb-lg-1 mb-4\"><span class=\"si-multipurpose-text__before\">Deixe sua mensagem<\/span><\/h2>\t\t<\/div>\n\t\t\t\t<\/div>\n\t\t\t\t<div class=\"elementor-element elementor-element-3a85fee4 elementor-widget elementor-widget-highlighted-heading\" data-id=\"3a85fee4\" data-element_type=\"widget\" data-widget_type=\"highlighted-heading.default\">\n\t\t\t\t<div class=\"elementor-widget-container\">\n\t\t\t<p class=\"silicon-elementor-highlighted-heading__title fs-lg text-muted pb-lg-1 mb-4\"><span class=\"si-multipurpose-text__before\">Precisa falar conosco? Para solicitar um or\u00e7amento, entre em contato conosco diretamente ou preencha o formul\u00e1rio e nos informe como podemos ajudar.<\/span><\/p>\t\t<\/div>\n\t\t\t\t<\/div>\n\t\t\t\t<div class=\"elementor-element elementor-element-3a79840 elementor-widget elementor-widget-html\" data-id=\"3a79840\" data-element_type=\"widget\" data-widget_type=\"html.default\">\n\t\t\t\t<div class=\"elementor-widget-container\">\n\t\t\t<div class=\"row\">\n                <div class=\"col-sm-6 mb-4\">\n                  <label for=\"name\" class=\"form-label fs-base\">Nome<\/label>\n                  <input type=\"text\" id=\"name\" class=\"form-control form-control-lg\" required=\"\">\n                  <div class=\"invalid-feedback\">Insira seu nome.<\/div>\n                <\/div>\n                <div class=\"col-sm-6 mb-4\">\n                  <label for=\"email\" class=\"form-label fs-base\">E-mail<\/label>\n                  <input type=\"email\" id=\"email\" class=\"form-control form-control-lg\" required=\"\">\n                  <div class=\"invalid-feedback\">Por favor, insira um e-mail v\u00e1lido<\/div>\n                <\/div>\n                <div class=\"col-12 mb-4\">\n                  <label for=\"message\" class=\"form-label fs-base\">Mensagem<\/label>\n                  <textarea id=\"message\" class=\"form-control form-control-lg\" rows=\"4\" required=\"\"><\/textarea>\n                  <div class=\"invalid-feedback\">Por favor, deixe sua mensagem!<\/div>\n                <\/div>\n              <\/div>\n              <div class=\"form-check mb-4\">\n                <input type=\"checkbox\" id=\"terms\" class=\"form-check-input\" required=\"\">\n                <label for=\"terms\" class=\"form-check-label fs-base\">Eu aceito os <a href=\"#\">Termos &amp; Condi\u00e7\u00f5es<\/a><\/label>\n              <\/div><button type=\"submit\" class=\"btn btn-primary btn-lg shadow-primary\">Enviar<\/button>\t\t<\/div>\n\t\t\t\t<\/div>\n\t\t\t\t\t<\/div>\n\t\t<\/div>\n\t\t\t\t\t\t\t<\/div>\n\t\t<\/div>\n\t\t\t\t\t<\/div>\n\t\t<\/div>\n\t\t\t\t\t\t\t<\/div>\n\t\t<\/section>\n\t\t\t\t\t\t\t<\/div>\n\t\t","protected":false},"excerpt":{"rendered":"<p>Fale Conosco E-mail Por favor, fique \u00e0 vontade para nos enviar uma mensagem. Responderemos o mais r\u00e1pido poss\u00edvel. Deixe sua mensagem WhatsApp Se voc\u00ea precisar de assist\u00eancia imediata, fale conosco atrav\u00e9s do nosso WhatsApp. (11) 95630-0864 Agende uma visita Rua C\u00f4nego Manuel Vaz, 224 &#8211; Santana, S\u00e3o Paulo &#8211; SP, 02019-050 Obter rotas Deixe sua [&hellip;]<\/p>\n","protected":false},"author":1,"featured_media":0,"parent":0,"menu_order":0,"comment_status":"closed","ping_status":"closed","template":"elementor_header_footer","meta":{"footnotes":""},"class_list":["post-30","page","type-page","status-publish","hentry"],"acf":[],"yoast_head":"<!-- This site is optimized with the Yoast SEO plugin v20.3 - https:\/\/yoast.com\/wordpress\/plugins\/seo\/ -->\n<title>Contato -<\/title>\n<meta name=\"robots\" content=\"index, follow, max-snippet:-1, max-image-preview:large, max-video-preview:-1\" \/>\n<link rel=\"canonical\" href=\"https:\/\/alugueldepcgamer.com.br\/?page_id=30\" \/>\n<meta property=\"og:locale\" content=\"pt_BR\" \/>\n<meta property=\"og:type\" content=\"article\" \/>\n<meta property=\"og:title\" content=\"Contato -\" \/>\n<meta property=\"og:description\" content=\"Fale Conosco E-mail Por favor, fique \u00e0 vontade para nos enviar uma mensagem. Responderemos o mais r\u00e1pido poss\u00edvel. Deixe sua mensagem WhatsApp Se voc\u00ea precisar de assist\u00eancia imediata, fale conosco atrav\u00e9s do nosso WhatsApp. (11) 95630-0864 Agende uma visita Rua C\u00f4nego Manuel Vaz, 224 &#8211; Santana, S\u00e3o Paulo &#8211; SP, 02019-050 Obter rotas Deixe sua [&hellip;]\" \/>\n<meta property=\"og:url\" content=\"https:\/\/alugueldepcgamer.com.br\/?page_id=30\" \/>\n<meta property=\"article:publisher\" content=\"https:\/\/www.facebook.com\/whidobr\/\" \/>\n<meta property=\"article:modified_time\" content=\"2024-04-26T12:40:54+00:00\" \/>\n<meta name=\"twitter:card\" content=\"summary_large_image\" \/>\n<meta name=\"twitter:label1\" content=\"Est. tempo de leitura\" \/>\n\t<meta name=\"twitter:data1\" content=\"1 minuto\" \/>\n<script type=\"application\/ld+json\" class=\"yoast-schema-graph\">{\"@context\":\"https:\/\/schema.org\",\"@graph\":[{\"@type\":\"WebPage\",\"@id\":\"https:\/\/alugueldepcgamer.com.br\/?page_id=30\",\"url\":\"https:\/\/alugueldepcgamer.com.br\/?page_id=30\",\"name\":\"Contato -\",\"isPartOf\":{\"@id\":\"https:\/\/alugueldepcgamer.com.br\/#website\"},\"datePublished\":\"2022-03-01T09:09:19+00:00\",\"dateModified\":\"2024-04-26T12:40:54+00:00\",\"breadcrumb\":{\"@id\":\"https:\/\/alugueldepcgamer.com.br\/?page_id=30#breadcrumb\"},\"inLanguage\":\"pt-BR\",\"potentialAction\":[{\"@type\":\"ReadAction\",\"target\":[\"https:\/\/alugueldepcgamer.com.br\/?page_id=30\"]}]},{\"@type\":\"BreadcrumbList\",\"@id\":\"https:\/\/alugueldepcgamer.com.br\/?page_id=30#breadcrumb\",\"itemListElement\":[{\"@type\":\"ListItem\",\"position\":1,\"name\":\"Home\",\"item\":\"https:\/\/alugueldepcgamer.com.br\/\"},{\"@type\":\"ListItem\",\"position\":2,\"name\":\"Contato\"}]},{\"@type\":\"WebSite\",\"@id\":\"https:\/\/alugueldepcgamer.com.br\/#website\",\"url\":\"https:\/\/alugueldepcgamer.com.br\/\",\"name\":\"Aluguel de PC Gamer\",\"description\":\"Aumente o n\u00edvel do seu jogo - Alugue nossos computadores e monitores gamer para eventos e divers\u00e3o em casa!\",\"publisher\":{\"@id\":\"https:\/\/alugueldepcgamer.com.br\/#organization\"},\"alternateName\":\"Loca\u00e7\u00e3o de Computadores e Monitores Gamer\",\"potentialAction\":[{\"@type\":\"SearchAction\",\"target\":{\"@type\":\"EntryPoint\",\"urlTemplate\":\"https:\/\/alugueldepcgamer.com.br\/?s={search_term_string}\"},\"query-input\":\"required name=search_term_string\"}],\"inLanguage\":\"pt-BR\"},{\"@type\":\"Organization\",\"@id\":\"https:\/\/alugueldepcgamer.com.br\/#organization\",\"name\":\"Whido\",\"url\":\"https:\/\/alugueldepcgamer.com.br\/\",\"logo\":{\"@type\":\"ImageObject\",\"inLanguage\":\"pt-BR\",\"@id\":\"https:\/\/alugueldepcgamer.com.br\/#\/schema\/logo\/image\/\",\"url\":\"https:\/\/alugueldepcgamer.com.br\/wp-content\/uploads\/2023\/03\/logo_aluguel_de_pc_gamer_dark_v1.png\",\"contentUrl\":\"https:\/\/alugueldepcgamer.com.br\/wp-content\/uploads\/2023\/03\/logo_aluguel_de_pc_gamer_dark_v1.png\",\"width\":75,\"height\":68,\"caption\":\"Whido\"},\"image\":{\"@id\":\"https:\/\/alugueldepcgamer.com.br\/#\/schema\/logo\/image\/\"},\"sameAs\":[\"https:\/\/www.facebook.com\/whidobr\/\",\"https:\/\/www.linkedin.com\/company\/whido-live\/\",\"https:\/\/www.instagram.com\/whidobr\/\"]}]}<\/script>\n<!-- \/ Yoast SEO plugin. -->","yoast_head_json":{"title":"Contato -","robots":{"index":"index","follow":"follow","max-snippet":"max-snippet:-1","max-image-preview":"max-image-preview:large","max-video-preview":"max-video-preview:-1"},"canonical":"https:\/\/alugueldepcgamer.com.br\/?page_id=30","og_locale":"pt_BR","og_type":"article","og_title":"Contato -","og_description":"Fale Conosco E-mail Por favor, fique \u00e0 vontade para nos enviar uma mensagem. Responderemos o mais r\u00e1pido poss\u00edvel. Deixe sua mensagem WhatsApp Se voc\u00ea precisar de assist\u00eancia imediata, fale conosco atrav\u00e9s do nosso WhatsApp. (11) 95630-0864 Agende uma visita Rua C\u00f4nego Manuel Vaz, 224 &#8211; Santana, S\u00e3o Paulo &#8211; SP, 02019-050 Obter rotas Deixe sua [&hellip;]","og_url":"https:\/\/alugueldepcgamer.com.br\/?page_id=30","article_publisher":"https:\/\/www.facebook.com\/whidobr\/","article_modified_time":"2024-04-26T12:40:54+00:00","twitter_card":"summary_large_image","twitter_misc":{"Est. tempo de leitura":"1 minuto"},"schema":{"@context":"https:\/\/schema.org","@graph":[{"@type":"WebPage","@id":"https:\/\/alugueldepcgamer.com.br\/?page_id=30","url":"https:\/\/alugueldepcgamer.com.br\/?page_id=30","name":"Contato -","isPartOf":{"@id":"https:\/\/alugueldepcgamer.com.br\/#website"},"datePublished":"2022-03-01T09:09:19+00:00","dateModified":"2024-04-26T12:40:54+00:00","breadcrumb":{"@id":"https:\/\/alugueldepcgamer.com.br\/?page_id=30#breadcrumb"},"inLanguage":"pt-BR","potentialAction":[{"@type":"ReadAction","target":["https:\/\/alugueldepcgamer.com.br\/?page_id=30"]}]},{"@type":"BreadcrumbList","@id":"https:\/\/alugueldepcgamer.com.br\/?page_id=30#breadcrumb","itemListElement":[{"@type":"ListItem","position":1,"name":"Home","item":"https:\/\/alugueldepcgamer.com.br\/"},{"@type":"ListItem","position":2,"name":"Contato"}]},{"@type":"WebSite","@id":"https:\/\/alugueldepcgamer.com.br\/#website","url":"https:\/\/alugueldepcgamer.com.br\/","name":"Aluguel de PC Gamer","description":"Aumente o n\u00edvel do seu jogo - Alugue nossos computadores e monitores gamer para eventos e divers\u00e3o em casa!","publisher":{"@id":"https:\/\/alugueldepcgamer.com.br\/#organization"},"alternateName":"Loca\u00e7\u00e3o de Computadores e Monitores Gamer","potentialAction":[{"@type":"SearchAction","target":{"@type":"EntryPoint","urlTemplate":"https:\/\/alugueldepcgamer.com.br\/?s={search_term_string}"},"query-input":"required name=search_term_string"}],"inLanguage":"pt-BR"},{"@type":"Organization","@id":"https:\/\/alugueldepcgamer.com.br\/#organization","name":"Whido","url":"https:\/\/alugueldepcgamer.com.br\/","logo":{"@type":"ImageObject","inLanguage":"pt-BR","@id":"https:\/\/alugueldepcgamer.com.br\/#\/schema\/logo\/image\/","url":"https:\/\/alugueldepcgamer.com.br\/wp-content\/uploads\/2023\/03\/logo_aluguel_de_pc_gamer_dark_v1.png","contentUrl":"https:\/\/alugueldepcgamer.com.br\/wp-content\/uploads\/2023\/03\/logo_aluguel_de_pc_gamer_dark_v1.png","width":75,"height":68,"caption":"Whido"},"image":{"@id":"https:\/\/alugueldepcgamer.com.br\/#\/schema\/logo\/image\/"},"sameAs":["https:\/\/www.facebook.com\/whidobr\/","https:\/\/www.linkedin.com\/company\/whido-live\/","https:\/\/www.instagram.com\/whidobr\/"]}]}},"_links":{"self":[{"href":"https:\/\/alugueldepcgamer.com.br\/index.php?rest_route=\/wp\/v2\/pages\/30","targetHints":{"allow":["GET"]}}],"collection":[{"href":"https:\/\/alugueldepcgamer.com.br\/index.php?rest_route=\/wp\/v2\/pages"}],"about":[{"href":"https:\/\/alugueldepcgamer.com.br\/index.php?rest_route=\/wp\/v2\/types\/page"}],"author":[{"embeddable":true,"href":"https:\/\/alugueldepcgamer.com.br\/index.php?rest_route=\/wp\/v2\/users\/1"}],"replies":[{"embeddable":true,"href":"https:\/\/alugueldepcgamer.com.br\/index.php?rest_route=%2Fwp%2Fv2%2Fcomments&post=30"}],"version-history":[{"count":38,"href":"https:\/\/alugueldepcgamer.com.br\/index.php?rest_route=\/wp\/v2\/pages\/30\/revisions"}],"predecessor-version":[{"id":6784,"href":"https:\/\/alugueldepcgamer.com.br\/index.php?rest_route=\/wp\/v2\/pages\/30\/revisions\/6784"}],"wp:attachment":[{"href":"https:\/\/alugueldepcgamer.com.br\/index.php?rest_route=%2Fwp%2Fv2%2Fmedia&parent=30"}],"curies":[{"name":"wp","href":"https:\/\/api.w.org\/{rel}","templated":true}]}}